{"id":7,"date":"2018-01-01T14:56:17","date_gmt":"2018-01-01T13:56:17","guid":{"rendered":"http:\/\/a3cdesign.fr\/?page_id=7"},"modified":"2018-07-24T11:10:27","modified_gmt":"2018-07-24T09:10:27","slug":"accueil","status":"publish","type":"page","link":"https:\/\/a3cdesign.fr\/","title":{"rendered":"Accueil"},"content":{"rendered":"<p style=\"text-align: justify;\">Salari\u00e9 pendant 28 ans dans une entreprise de cartonnage, (s\u00e9rigraphe, maquettiste, responsable de production puis du bureau d\u2019\u00e9tudes), j\u2019ai cr\u00e9\u00e9 ma propre structure afin de r\u00e9pondre \u00e0 une demande croissante.<\/p>\n<p><img loading=\"lazy\" decoding=\"async\" class=\"wp-image-138 size-medium alignleft\" src=\"http:\/\/a3cdesign.fr\/wp-content\/uploads\/2018\/06\/ProChape-e1528921111201-225x300.jpg\" alt=\"\" width=\"225\" height=\"300\" srcset=\"https:\/\/a3cdesign.fr\/wp-content\/uploads\/2018\/06\/ProChape-e1528921111201-225x300.jpg 225w, https:\/\/a3cdesign.fr\/wp-content\/uploads\/2018\/06\/ProChape-e1528921111201.jpg 768w\" sizes=\"(max-width: 225px) 100vw, 225px\" \/> <img loading=\"lazy\" decoding=\"async\" class=\"wp-image-150 size-medium alignright\" src=\"http:\/\/a3cdesign.fr\/wp-content\/uploads\/2018\/06\/20180216_163721-e1528921058190-225x300.jpg\" alt=\"\" width=\"225\" height=\"300\" srcset=\"https:\/\/a3cdesign.fr\/wp-content\/uploads\/2018\/06\/20180216_163721-e1528921058190-225x300.jpg 225w, https:\/\/a3cdesign.fr\/wp-content\/uploads\/2018\/06\/20180216_163721-e1528921058190.jpg 768w\" sizes=\"(max-width: 225px) 100vw, 225px\" \/><\/p>\n<p>&nbsp;<\/p>\n<p>&nbsp;<\/p>\n<p>&nbsp;<\/p>\n<p>&nbsp;<\/p>\n<p>&nbsp;<\/p>\n<p>&nbsp;<\/p>\n<p>&nbsp;<\/p>\n<p style=\"text-align: justify;\">A3C Design con\u00e7oit et fabrique tout projet \u00e0 base de carton (ou autre), du prototypage \u00e0 la r\u00e9alisation de petites ou moyennes s\u00e9ries de boites sp\u00e9cifiques, ou simplement originales.<\/p>\n<p style=\"text-align: justify;\">A3C Design est \u00e9galement capable de r\u00e9pondre aux appels d&rsquo;offres, \u00ab\u00a0aux moutons \u00e0 cinq pattes\u00a0\u00bb et toute demande qui sort de l&rsquo;ordinaire.<\/p>\n<div id=\"CONTENU\">\n<p><strong>Informations g\u00e9n\u00e9rales<\/strong><\/p>\n<p style=\"text-align: justify;\"><strong>Activit\u00e9<\/strong><\/p>\n<p style=\"text-align: justify;\">Etude, Conception et Fabrication s\u00fbr mesure<\/p>\n<p><strong>Cibles<\/strong><\/p>\n<p style=\"text-align: justify;\">Agences de communication, Imprimeurs, Cartonniers, Chapeliers<strong><br \/>\n<\/strong>TPE, PME, Artisans, Particuliers<\/p>\n<p><strong>Support utilis\u00e9<\/strong><\/p>\n<p>Carton compact gris, carton ondulo microcannelures, carte graphique, carton mousse, Polypro, PVC souple, PVC expans\u00e9, magnet, adh\u00e9sif, etc.<\/p>\n<p style=\"text-align: justify;\"><strong>Mat\u00e9riel\u00a0 utilis\u00e9<\/strong><\/p>\n<p style=\"text-align: justify;\">Logiciel 3d, Table de d\u00e9coupe 1600&#215;1200 et Encolleuse<\/p>\n<p style=\"text-align: justify;\"><strong>Comp\u00e9tences et savoir faire<\/strong><\/p>\n<p style=\"text-align: justify;\">Cr\u00e9ativit\u00e9, Souplesse, Rigueur, R\u00e9activit\u00e9<\/p>\n<p style=\"text-align: justify;\">Ma devise\u00a0: \u00ab\u00a0<strong>Tout est faisable\u00a0\u00bb<\/strong><\/p>\n<\/div>\n","protected":false},"excerpt":{"rendered":"<p>Salari\u00e9 pendant 28 ans dans une entreprise de cartonnage, (s\u00e9rigraphe, maquettiste, responsable de production puis du bureau d\u2019\u00e9tudes), j\u2019ai cr\u00e9\u00e9 ma propre structure afin de r\u00e9pondre \u00e0 une demande croissante. &nbsp; &nbsp; &nbsp; &nbsp; &nbsp; &nbsp; &nbsp; A3C Design con\u00e7oit et fabrique tout projet \u00e0 base de carton (ou autre), du prototypage \u00e0 la r\u00e9alisation &hellip; <\/p>\n<p class=\"link-more\"><a href=\"https:\/\/a3cdesign.fr\/\" class=\"more-link\">Continuer la lecture<span class=\"screen-reader-text\"> de &laquo;&nbsp;Accueil&nbsp;&raquo;<\/span><\/a><\/p>\n","protected":false},"author":1,"featured_media":0,"parent":0,"menu_order":1,"comment_status":"closed","ping_status":"closed","template":"","meta":{"footnotes":""},"_links":{"self":[{"href":"https:\/\/a3cdesign.fr\/index.php\/wp-json\/wp\/v2\/pages\/7"}],"collection":[{"href":"https:\/\/a3cdesign.fr\/index.php\/wp-json\/wp\/v2\/pages"}],"about":[{"href":"https:\/\/a3cdesign.fr\/index.php\/wp-json\/wp\/v2\/types\/page"}],"author":[{"embeddable":true,"href":"https:\/\/a3cdesign.fr\/index.php\/wp-json\/wp\/v2\/users\/1"}],"replies":[{"embeddable":true,"href":"https:\/\/a3cdesign.fr\/index.php\/wp-json\/wp\/v2\/comments?post=7"}],"version-history":[{"count":30,"href":"https:\/\/a3cdesign.fr\/index.php\/wp-json\/wp\/v2\/pages\/7\/revisions"}],"predecessor-version":[{"id":178,"href":"https:\/\/a3cdesign.fr\/index.php\/wp-json\/wp\/v2\/pages\/7\/revisions\/178"}],"wp:attachment":[{"href":"https:\/\/a3cdesign.fr\/index.php\/wp-json\/wp\/v2\/media?parent=7"}],"curies":[{"name":"wp","href":"https:\/\/api.w.org\/{rel}","templated":true}]}}