{"id":36,"date":"2018-04-12T10:38:28","date_gmt":"2018-04-12T08:38:28","guid":{"rendered":"http:\/\/a3cdesign.fr\/?page_id=36"},"modified":"2018-07-24T11:16:05","modified_gmt":"2018-07-24T09:16:05","slug":"professionnels","status":"publish","type":"page","link":"https:\/\/a3cdesign.fr\/index.php\/professionnels\/","title":{"rendered":"Professionnels"},"content":{"rendered":"<p style=\"text-align: center;\">Les r\u00e9alisations d&rsquo;A3C Design : cartonnage sur mesure, prototypage, boite en carton, s&rsquo;adressent aux entreprises de tout secteur d&rsquo;activit\u00e9.<\/p>\n<h2 style=\"text-align: center;\"><strong><span style=\"font-size: 14pt;\">Produits Personnalisables Sur Mesure<\/span><\/strong><\/h2>\n<p>&nbsp;<\/p>\n<ul>\n<li><strong>Agences de communication, Imprimeurs, cartonniers\u00a0 \u00a0 \u00a0 \u00a0 \u00a0<\/strong><\/li>\n<li><em style=\"font-size: 1rem;\">Prototypage, d\u00e9coupe pr\u00e9-s\u00e9ries,\u00a0 et plan 2D\u00a0 \u00a0 \u00a0 \u00a0 \u00a0 \u00a0 \u00a0 \u00a0 \u00a0 \u00a0 \u00a0 \u00a0 \u00a0 \u00a0 \u00a0 \u00a0 \u00a0 \u00a0 \u00a0 \u00a0 \u00a0 \u00a0 \u00a0 \u00a0 \u00a0 \u00a0 \u00a0 \u00a0 \u00a0<\/em><\/li>\n<li><em>Coffret Promotionnel, Emballage de Protection, PLV de Comptoirs, d\u00e9coupes \u00e0 plat<\/em><\/li>\n<li><strong>Chapeliers, modistes<\/strong><\/li>\n<li><em>Cr\u00e9ation de boites \u00e0 chapeaux <strong>s\u00fbr-mesure<\/strong> personnalis\u00e9e avec logos<\/em><\/li>\n<li><strong>Edition<\/strong><\/li>\n<li><em>BD, coffrets collectors, \u00e9tuis, stop pile<\/em><\/li>\n<\/ul>\n<p><img loading=\"lazy\" decoding=\"async\" class=\"alignnone wp-image-199 size-thumbnail\" src=\"http:\/\/a3cdesign.fr\/wp-content\/uploads\/2018\/07\/Stop-piles-150x150.jpeg\" alt=\"\" width=\"150\" height=\"150\" srcset=\"https:\/\/a3cdesign.fr\/wp-content\/uploads\/2018\/07\/Stop-piles-150x150.jpeg 150w, https:\/\/a3cdesign.fr\/wp-content\/uploads\/2018\/07\/Stop-piles-100x100.jpeg 100w\" sizes=\"(max-width: 150px) 100vw, 150px\" \/><em style=\"font-size: 1rem;\"><img loading=\"lazy\" decoding=\"async\" class=\"wp-image-142 size-thumbnail alignnone\" src=\"http:\/\/a3cdesign.fr\/wp-content\/uploads\/2018\/06\/Proedition-e1528921096786-150x150.jpg\" alt=\"\" width=\"150\" height=\"150\" srcset=\"https:\/\/a3cdesign.fr\/wp-content\/uploads\/2018\/06\/Proedition-e1528921096786-150x150.jpg 150w, https:\/\/a3cdesign.fr\/wp-content\/uploads\/2018\/06\/Proedition-e1528921096786-100x100.jpg 100w\" sizes=\"(max-width: 150px) 100vw, 150px\" \/><\/em><\/p>\n<ul>\n<li><strong>Artisans :<\/strong><strong>\u00a0traiteurs, chocolatiers, bijoutiers, opticiens<\/strong><\/li>\n<li><em>Cr\u00e9ation de supports pour mettre en valeur vos produits.<\/em><\/li>\n<li><strong>Commer\u00e7ants ind\u00e9pendants<\/strong><\/li>\n<li><em>P<\/em><em style=\"font-size: 1rem;\">r\u00e9paration de vitrines avec support de boites<\/em><\/li>\n<\/ul>\n<p>&nbsp;<\/p>\n","protected":false},"excerpt":{"rendered":"<p>Les r\u00e9alisations d&rsquo;A3C Design : cartonnage sur mesure, prototypage, boite en carton, s&rsquo;adressent aux entreprises de tout secteur d&rsquo;activit\u00e9. Produits Personnalisables Sur Mesure &nbsp; Agences de communication, Imprimeurs, cartonniers\u00a0 \u00a0 \u00a0 \u00a0 \u00a0 Prototypage, d\u00e9coupe pr\u00e9-s\u00e9ries,\u00a0 et plan 2D\u00a0 \u00a0 \u00a0 \u00a0 \u00a0 \u00a0 \u00a0 \u00a0 \u00a0 \u00a0 \u00a0 \u00a0 \u00a0 \u00a0 \u00a0 \u00a0 \u00a0 &hellip; <\/p>\n<p class=\"link-more\"><a href=\"https:\/\/a3cdesign.fr\/index.php\/professionnels\/\" class=\"more-link\">Continuer la lecture<span class=\"screen-reader-text\"> de &laquo;&nbsp;Professionnels&nbsp;&raquo;<\/span><\/a><\/p>\n","protected":false},"author":1,"featured_media":0,"parent":0,"menu_order":2,"comment_status":"closed","ping_status":"closed","template":"","meta":{"footnotes":""},"_links":{"self":[{"href":"https:\/\/a3cdesign.fr\/index.php\/wp-json\/wp\/v2\/pages\/36"}],"collection":[{"href":"https:\/\/a3cdesign.fr\/index.php\/wp-json\/wp\/v2\/pages"}],"about":[{"href":"https:\/\/a3cdesign.fr\/index.php\/wp-json\/wp\/v2\/types\/page"}],"author":[{"embeddable":true,"href":"https:\/\/a3cdesign.fr\/index.php\/wp-json\/wp\/v2\/users\/1"}],"replies":[{"embeddable":true,"href":"https:\/\/a3cdesign.fr\/index.php\/wp-json\/wp\/v2\/comments?post=36"}],"version-history":[{"count":22,"href":"https:\/\/a3cdesign.fr\/index.php\/wp-json\/wp\/v2\/pages\/36\/revisions"}],"predecessor-version":[{"id":205,"href":"https:\/\/a3cdesign.fr\/index.php\/wp-json\/wp\/v2\/pages\/36\/revisions\/205"}],"wp:attachment":[{"href":"https:\/\/a3cdesign.fr\/index.php\/wp-json\/wp\/v2\/media?parent=36"}],"curies":[{"name":"wp","href":"https:\/\/api.w.org\/{rel}","templated":true}]}}